{"id":7604,"date":"2022-08-02T17:18:47","date_gmt":"2022-08-02T15:18:47","guid":{"rendered":"https:\/\/meogroup-consulting.com\/sowing\/"},"modified":"2025-09-19T16:19:46","modified_gmt":"2025-09-19T14:19:46","slug":"sowing","status":"publish","type":"page","link":"https:\/\/meogroup-consulting.com\/es\/sowing\/","title":{"rendered":"SOWING"},"content":{"rendered":"\t\t<div data-elementor-type=\"wp-page\" data-elementor-id=\"7604\" class=\"elementor elementor-7604 elementor-416\" data-elementor-post-type=\"page\">\n\t\t\t\t\t\t<section class=\"elementor-section elementor-top-section elementor-element elementor-element-39472328 elementor-section-boxed elementor-section-height-default elementor-section-height-default\" data-id=\"39472328\" data-element_type=\"section\" data-e-type=\"section\" data-settings=\"{&quot;background_background&quot;:&quot;gradient&quot;}\">\n\t\t\t\t\t\t<div class=\"elementor-container elementor-column-gap-default\">\n\t\t\t\t\t<div class=\"elementor-column elementor-col-100 elementor-top-column elementor-element elementor-element-60be6a24\" data-id=\"60be6a24\" data-element_type=\"column\" data-e-type=\"column\">\n\t\t\t<div class=\"elementor-widget-wrap elementor-element-populated\">\n\t\t\t\t\t\t<section class=\"elementor-section elementor-inner-section elementor-element elementor-element-f94c86b elementor-section-boxed elementor-section-height-default elementor-section-height-default\" data-id=\"f94c86b\" data-element_type=\"section\" data-e-type=\"section\">\n\t\t\t\t\t\t<div class=\"elementor-container elementor-column-gap-default\">\n\t\t\t\t\t<div class=\"elementor-column elementor-col-33 elementor-inner-column elementor-element elementor-element-2e5000fd\" data-id=\"2e5000fd\" data-element_type=\"column\" data-e-type=\"column\">\n\t\t\t<div class=\"elementor-widget-wrap elementor-element-populated\">\n\t\t\t\t\t\t<div class=\"elementor-element elementor-element-69cf7da elementor-widget elementor-widget-heading\" data-id=\"69cf7da\" data-element_type=\"widget\" data-e-type=\"widget\" data-widget_type=\"heading.default\">\n\t\t\t\t<div class=\"elementor-widget-container\">\n\t\t\t\t\t<p class=\"elementor-heading-title elementor-size-default\"><a href=\"https:\/\/meogroup-consulting.com\/marques-implantations\/\">\u2190 NUESTRAS FIRMAS<\/a><\/p>\t\t\t\t<\/div>\n\t\t\t\t<\/div>\n\t\t\t\t\t<\/div>\n\t\t<\/div>\n\t\t\t\t<div class=\"elementor-column elementor-col-33 elementor-inner-column elementor-element elementor-element-1d81795e\" data-id=\"1d81795e\" data-element_type=\"column\" data-e-type=\"column\">\n\t\t\t<div class=\"elementor-widget-wrap elementor-element-populated\">\n\t\t\t\t\t\t<div class=\"elementor-element elementor-element-6a37e43f elementor-widget elementor-widget-image\" data-id=\"6a37e43f\" data-element_type=\"widget\" data-e-type=\"widget\" data-widget_type=\"image.default\">\n\t\t\t\t<div class=\"elementor-widget-container\">\n\t\t\t\t\t\t\t\t\t\t\t\t\t\t\t<img fetchpriority=\"high\" decoding=\"async\" width=\"1710\" height=\"405\" src=\"https:\/\/meogroup-consulting.com\/wp-content\/uploads\/2024\/01\/Sowing_BL_blanc.png\" class=\"attachment-full size-full wp-image-7608\" alt=\"\" srcset=\"https:\/\/meogroup-consulting.com\/wp-content\/uploads\/2024\/01\/Sowing_BL_blanc.png 1710w, https:\/\/meogroup-consulting.com\/wp-content\/uploads\/2024\/01\/Sowing_BL_blanc-300x71.png 300w, https:\/\/meogroup-consulting.com\/wp-content\/uploads\/2024\/01\/Sowing_BL_blanc-1024x243.png 1024w, https:\/\/meogroup-consulting.com\/wp-content\/uploads\/2024\/01\/Sowing_BL_blanc-768x182.png 768w, https:\/\/meogroup-consulting.com\/wp-content\/uploads\/2024\/01\/Sowing_BL_blanc-1536x364.png 1536w\" sizes=\"(max-width: 1710px) 100vw, 1710px\" \/>\t\t\t\t\t\t\t\t\t\t\t\t\t\t\t<\/div>\n\t\t\t\t<\/div>\n\t\t\t\t\t<\/div>\n\t\t<\/div>\n\t\t\t\t<div class=\"elementor-column elementor-col-33 elementor-inner-column elementor-element elementor-element-1155571c elementor-hidden-mobile\" data-id=\"1155571c\" data-element_type=\"column\" data-e-type=\"column\">\n\t\t\t<div class=\"elementor-widget-wrap\">\n\t\t\t\t\t\t\t<\/div>\n\t\t<\/div>\n\t\t\t\t\t<\/div>\n\t\t<\/section>\n\t\t\t\t<div class=\"elementor-element elementor-element-4a43fc98 elementor-widget elementor-widget-text-editor\" data-id=\"4a43fc98\" data-element_type=\"widget\" data-e-type=\"widget\" data-widget_type=\"text-editor.default\">\n\t\t\t\t<div class=\"elementor-widget-container\">\n\t\t\t\t\t\t\t\t\t<p>Sowing es una consultor\u00eda specializada en el Rendimiento, la optimizaci\u00f3n y<br \/>la transformaci\u00f3n de las industrias agr\u00edcolas, agroindustriales y alimentarias.<\/p>\n\t\t\t\t\t\t\t\t<\/div>\n\t\t\t\t<\/div>\n\t\t\t\t<div class=\"elementor-element elementor-element-6f35fe2 elementor-align-center elementor-mobile-align-center elementor-widget elementor-widget-button\" data-id=\"6f35fe2\" data-element_type=\"widget\" data-e-type=\"widget\" data-widget_type=\"button.default\">\n\t\t\t\t<div class=\"elementor-widget-container\">\n\t\t\t\t\t\t\t\t\t<div class=\"elementor-button-wrapper\">\n\t\t\t\t\t<a class=\"elementor-button elementor-button-link elementor-size-md\" href=\"https:\/\/www.sowing.eu\/\" target=\"_blank\">\n\t\t\t\t\t\t<span class=\"elementor-button-content-wrapper\">\n\t\t\t\t\t\t\t\t\t<span class=\"elementor-button-text\">Descubra el universo SOWING<\/span>\n\t\t\t\t\t<\/span>\n\t\t\t\t\t<\/a>\n\t\t\t\t<\/div>\n\t\t\t\t\t\t\t\t<\/div>\n\t\t\t\t<\/div>\n\t\t\t\t<div class=\"elementor-element elementor-element-38846fe3 elementor-widget elementor-widget-heading\" data-id=\"38846fe3\" data-element_type=\"widget\" data-e-type=\"widget\" data-widget_type=\"heading.default\">\n\t\t\t\t<div class=\"elementor-widget-container\">\n\t\t\t\t\t<h2 class=\"elementor-heading-title elementor-size-default\">NUESTROS SERVICIOS<\/h2>\t\t\t\t<\/div>\n\t\t\t\t<\/div>\n\t\t\t\t<div class=\"elementor-element elementor-element-38efafe9 elementor-widget-divider--view-line elementor-widget elementor-widget-divider\" data-id=\"38efafe9\" data-element_type=\"widget\" data-e-type=\"widget\" data-widget_type=\"divider.default\">\n\t\t\t\t<div class=\"elementor-widget-container\">\n\t\t\t\t\t\t\t<div class=\"elementor-divider\">\n\t\t\t<span class=\"elementor-divider-separator\">\n\t\t\t\t\t\t<\/span>\n\t\t<\/div>\n\t\t\t\t\t\t<\/div>\n\t\t\t\t<\/div>\n\t\t\t\t<section class=\"elementor-section elementor-inner-section elementor-element elementor-element-66068f0d elementor-section-boxed elementor-section-height-default elementor-section-height-default\" data-id=\"66068f0d\" data-element_type=\"section\" data-e-type=\"section\">\n\t\t\t\t\t\t<div class=\"elementor-container elementor-column-gap-default\">\n\t\t\t\t\t<div class=\"elementor-column elementor-col-33 elementor-inner-column elementor-element elementor-element-4154d049\" data-id=\"4154d049\" data-element_type=\"column\" data-e-type=\"column\">\n\t\t\t<div class=\"elementor-widget-wrap elementor-element-populated\">\n\t\t\t\t\t\t<div class=\"elementor-element elementor-element-1efd4cc3 elementor-widget elementor-widget-image\" data-id=\"1efd4cc3\" data-element_type=\"widget\" data-e-type=\"widget\" data-widget_type=\"image.default\">\n\t\t\t\t<div class=\"elementor-widget-container\">\n\t\t\t\t\t\t\t\t\t\t\t\t\t\t\t<img decoding=\"async\" src=\"https:\/\/meogroup-consulting.com\/wp-content\/uploads\/elementor\/thumbs\/GROWING-r7vdzpr2pup8t7a2dh6l3gwc6fc77pi0duqqq3pr0g.png\" title=\"GROWING\" alt=\"GROWING\" loading=\"lazy\" \/>\t\t\t\t\t\t\t\t\t\t\t\t\t\t\t<\/div>\n\t\t\t\t<\/div>\n\t\t\t\t<div class=\"elementor-element elementor-element-301c3da9 elementor-widget elementor-widget-text-editor\" data-id=\"301c3da9\" data-element_type=\"widget\" data-e-type=\"widget\" data-widget_type=\"text-editor.default\">\n\t\t\t\t<div class=\"elementor-widget-container\">\n\t\t\t\t\t\t\t\t\t<p><strong>CRECER<\/strong><br \/>Estrategia de desarrollo<\/p>\n\t\t\t\t\t\t\t\t<\/div>\n\t\t\t\t<\/div>\n\t\t\t\t\t<\/div>\n\t\t<\/div>\n\t\t\t\t<div class=\"elementor-column elementor-col-33 elementor-inner-column elementor-element elementor-element-3ca5997f\" data-id=\"3ca5997f\" data-element_type=\"column\" data-e-type=\"column\">\n\t\t\t<div class=\"elementor-widget-wrap elementor-element-populated\">\n\t\t\t\t\t\t<div class=\"elementor-element elementor-element-7d93e25 elementor-widget elementor-widget-image\" data-id=\"7d93e25\" data-element_type=\"widget\" data-e-type=\"widget\" data-widget_type=\"image.default\">\n\t\t\t\t<div class=\"elementor-widget-container\">\n\t\t\t\t\t\t\t\t\t\t\t\t\t\t\t<img decoding=\"async\" src=\"https:\/\/meogroup-consulting.com\/wp-content\/uploads\/elementor\/thumbs\/TRANSFORMING-r7vdznvec6mo5zcsogdbyhdeznlgsbajplfrrjsjcw.png\" title=\"TRANSFORMING\" alt=\"icone TRANSFORMING\" loading=\"lazy\" \/>\t\t\t\t\t\t\t\t\t\t\t\t\t\t\t<\/div>\n\t\t\t\t<\/div>\n\t\t\t\t<div class=\"elementor-element elementor-element-26d05176 elementor-widget elementor-widget-text-editor\" data-id=\"26d05176\" data-element_type=\"widget\" data-e-type=\"widget\" data-widget_type=\"text-editor.default\">\n\t\t\t\t<div class=\"elementor-widget-container\">\n\t\t\t\t\t\t\t\t\t<p><strong>TRANSFORMAR<\/strong><br \/>Organizaci\u00f3n y transformaci\u00f3n para el crecimiento<\/p>\n\t\t\t\t\t\t\t\t<\/div>\n\t\t\t\t<\/div>\n\t\t\t\t\t<\/div>\n\t\t<\/div>\n\t\t\t\t<div class=\"elementor-column elementor-col-33 elementor-inner-column elementor-element elementor-element-5e8faacf\" data-id=\"5e8faacf\" data-element_type=\"column\" data-e-type=\"column\">\n\t\t\t<div class=\"elementor-widget-wrap elementor-element-populated\">\n\t\t\t\t\t\t<div class=\"elementor-element elementor-element-7d93ba8 elementor-widget elementor-widget-image\" data-id=\"7d93ba8\" data-element_type=\"widget\" data-e-type=\"widget\" data-widget_type=\"image.default\">\n\t\t\t\t<div class=\"elementor-widget-container\">\n\t\t\t\t\t\t\t\t\t\t\t\t\t\t\t<img decoding=\"async\" src=\"https:\/\/meogroup-consulting.com\/wp-content\/uploads\/elementor\/thumbs\/PERFORMING-r7vdzk42obdel73rbpmxxly2xkdqoolvi45y4yxoji.png\" title=\"PERFORMING\" alt=\"icone feuilles\" loading=\"lazy\" \/>\t\t\t\t\t\t\t\t\t\t\t\t\t\t\t<\/div>\n\t\t\t\t<\/div>\n\t\t\t\t<div class=\"elementor-element elementor-element-5ad3dce6 elementor-widget elementor-widget-text-editor\" data-id=\"5ad3dce6\" data-element_type=\"widget\" data-e-type=\"widget\" data-widget_type=\"text-editor.default\">\n\t\t\t\t<div class=\"elementor-widget-container\">\n\t\t\t\t\t\t\t\t\t<p><strong>REALIZAR<\/strong><br \/>Mejora del rendimiento<\/p>\n\t\t\t\t\t\t\t\t<\/div>\n\t\t\t\t<\/div>\n\t\t\t\t\t<\/div>\n\t\t<\/div>\n\t\t\t\t\t<\/div>\n\t\t<\/section>\n\t\t\t\t<div class=\"elementor-element elementor-element-706e6ce4 elementor-widget elementor-widget-heading\" data-id=\"706e6ce4\" data-element_type=\"widget\" data-e-type=\"widget\" data-widget_type=\"heading.default\">\n\t\t\t\t<div class=\"elementor-widget-container\">\n\t\t\t\t\t<h2 class=\"elementor-heading-title elementor-size-default\">CIFRAS CLAVE<\/h2>\t\t\t\t<\/div>\n\t\t\t\t<\/div>\n\t\t\t\t<div class=\"elementor-element elementor-element-446110ab elementor-widget-divider--view-line elementor-widget elementor-widget-divider\" data-id=\"446110ab\" data-element_type=\"widget\" data-e-type=\"widget\" data-widget_type=\"divider.default\">\n\t\t\t\t<div class=\"elementor-widget-container\">\n\t\t\t\t\t\t\t<div class=\"elementor-divider\">\n\t\t\t<span class=\"elementor-divider-separator\">\n\t\t\t\t\t\t<\/span>\n\t\t<\/div>\n\t\t\t\t\t\t<\/div>\n\t\t\t\t<\/div>\n\t\t\t\t<section class=\"elementor-section elementor-inner-section elementor-element elementor-element-57e28f5e elementor-section-boxed elementor-section-height-default elementor-section-height-default\" data-id=\"57e28f5e\" data-element_type=\"section\" data-e-type=\"section\">\n\t\t\t\t\t\t<div class=\"elementor-container elementor-column-gap-default\">\n\t\t\t\t\t<div class=\"elementor-column elementor-col-50 elementor-inner-column elementor-element elementor-element-604ca031\" data-id=\"604ca031\" data-element_type=\"column\" data-e-type=\"column\">\n\t\t\t<div class=\"elementor-widget-wrap elementor-element-populated\">\n\t\t\t\t\t\t<div class=\"elementor-element elementor-element-2731086 elementor-widget elementor-widget-text-editor\" data-id=\"2731086\" data-element_type=\"widget\" data-e-type=\"widget\" data-widget_type=\"text-editor.default\">\n\t\t\t\t<div class=\"elementor-widget-container\">\n\t\t\t\t\t\t\t\t\t<p style=\"text-align: center;\"><span style=\"color: #f7a824; font-size: 2em;\">50+<\/span><br \/>\nCLIENTES<\/p>\n\t\t\t\t\t\t\t\t<\/div>\n\t\t\t\t<\/div>\n\t\t\t\t<div class=\"elementor-element elementor-element-5a967a8f elementor-widget elementor-widget-text-editor\" data-id=\"5a967a8f\" data-element_type=\"widget\" data-e-type=\"widget\" data-widget_type=\"text-editor.default\">\n\t\t\t\t<div class=\"elementor-widget-container\">\n\t\t\t\t\t\t\t\t\t<p style=\"text-align: center;\"><span style=\"color: #f7a824; font-size: 2em;\">10+ a\u00f1os<\/span><br \/>\nDE TRANSFORMACI\u00d3N DE LA INDUSTRIA<\/p>\n\t\t\t\t\t\t\t\t<\/div>\n\t\t\t\t<\/div>\n\t\t\t\t\t<\/div>\n\t\t<\/div>\n\t\t\t\t<div class=\"elementor-column elementor-col-50 elementor-inner-column elementor-element elementor-element-3cbc14f7\" data-id=\"3cbc14f7\" data-element_type=\"column\" data-e-type=\"column\">\n\t\t\t<div class=\"elementor-widget-wrap elementor-element-populated\">\n\t\t\t\t\t\t<div class=\"elementor-element elementor-element-5984050f elementor-widget elementor-widget-text-editor\" data-id=\"5984050f\" data-element_type=\"widget\" data-e-type=\"widget\" data-widget_type=\"text-editor.default\">\n\t\t\t\t<div class=\"elementor-widget-container\">\n\t\t\t\t\t\t\t\t\t<p style=\"text-align: center;\"><span style=\"color: #f7a824; font-size: 2em;\">15<\/span><br \/>\nCONSULTORES<\/p>\n\t\t\t\t\t\t\t\t<\/div>\n\t\t\t\t<\/div>\n\t\t\t\t<div class=\"elementor-element elementor-element-c663c98 elementor-widget elementor-widget-text-editor\" data-id=\"c663c98\" data-element_type=\"widget\" data-e-type=\"widget\" data-widget_type=\"text-editor.default\">\n\t\t\t\t<div class=\"elementor-widget-container\">\n\t\t\t\t\t\t\t\t\t<p style=\"text-align: center;\"><span style=\"color: #f7a824; font-size: 2em;\">M\u00e1s de 100<\/span><br \/>\nPROYECTOS DE \u00c9XITO<\/p>\n\t\t\t\t\t\t\t\t<\/div>\n\t\t\t\t<\/div>\n\t\t\t\t\t<\/div>\n\t\t<\/div>\n\t\t\t\t\t<\/div>\n\t\t<\/section>\n\t\t\t\t<div class=\"elementor-element elementor-element-4f6eccb3 elementor-widget elementor-widget-heading\" data-id=\"4f6eccb3\" data-element_type=\"widget\" data-e-type=\"widget\" data-widget_type=\"heading.default\">\n\t\t\t\t<div class=\"elementor-widget-container\">\n\t\t\t\t\t<h2 class=\"elementor-heading-title elementor-size-default\">PRINCIPALES RETOS DE NUESTROS CLIENTES<\/h2>\t\t\t\t<\/div>\n\t\t\t\t<\/div>\n\t\t\t\t<div class=\"elementor-element elementor-element-3159d5ab elementor-widget-divider--view-line elementor-widget elementor-widget-divider\" data-id=\"3159d5ab\" data-element_type=\"widget\" data-e-type=\"widget\" data-widget_type=\"divider.default\">\n\t\t\t\t<div class=\"elementor-widget-container\">\n\t\t\t\t\t\t\t<div class=\"elementor-divider\">\n\t\t\t<span class=\"elementor-divider-separator\">\n\t\t\t\t\t\t<\/span>\n\t\t<\/div>\n\t\t\t\t\t\t<\/div>\n\t\t\t\t<\/div>\n\t\t<div class=\"elementor-element elementor-element-fe39e33 e-con-full e-flex e-con e-parent\" data-id=\"fe39e33\" data-element_type=\"container\" data-e-type=\"container\">\n\t\t<div class=\"elementor-element elementor-element-03cf4af e-con-full e-flex e-con e-child\" data-id=\"03cf4af\" data-element_type=\"container\" data-e-type=\"container\">\n\t\t\t\t<div class=\"elementor-element elementor-element-c946046 elementor-widget elementor-widget-text-editor\" data-id=\"c946046\" data-element_type=\"widget\" data-e-type=\"widget\" data-widget_type=\"text-editor.default\">\n\t\t\t\t<div class=\"elementor-widget-container\">\n\t\t\t\t\t\t\t\t\t<p>Vitalidad de los territorios<\/p>\n\t\t\t\t\t\t\t\t<\/div>\n\t\t\t\t<\/div>\n\t\t\t\t<\/div>\n\t\t<div class=\"elementor-element elementor-element-f6c96a7 e-con-full e-flex e-con e-child\" data-id=\"f6c96a7\" data-element_type=\"container\" data-e-type=\"container\">\n\t\t\t\t<div class=\"elementor-element elementor-element-72a5349 elementor-widget elementor-widget-text-editor\" data-id=\"72a5349\" data-element_type=\"widget\" data-e-type=\"widget\" data-widget_type=\"text-editor.default\">\n\t\t\t\t<div class=\"elementor-widget-container\">\n\t\t\t\t\t\t\t\t\t<p>Asegurar<\/p>\n\t\t\t\t\t\t\t\t<\/div>\n\t\t\t\t<\/div>\n\t\t\t\t<\/div>\n\t\t<div class=\"elementor-element elementor-element-d4260ca e-con-full e-flex e-con e-child\" data-id=\"d4260ca\" data-element_type=\"container\" data-e-type=\"container\">\n\t\t\t\t<div class=\"elementor-element elementor-element-8889ac5 elementor-widget elementor-widget-text-editor\" data-id=\"8889ac5\" data-element_type=\"widget\" data-e-type=\"widget\" data-widget_type=\"text-editor.default\">\n\t\t\t\t<div class=\"elementor-widget-container\">\n\t\t\t\t\t\t\t\t\t<p>Digitalizaci\u00f3n<\/p>\n\t\t\t\t\t\t\t\t<\/div>\n\t\t\t\t<\/div>\n\t\t\t\t<\/div>\n\t\t<div class=\"elementor-element elementor-element-4c0b8e2 e-con-full e-flex e-con e-child\" data-id=\"4c0b8e2\" data-element_type=\"container\" data-e-type=\"container\">\n\t\t\t\t<div class=\"elementor-element elementor-element-03e4fd8 elementor-widget elementor-widget-text-editor\" data-id=\"03e4fd8\" data-element_type=\"widget\" data-e-type=\"widget\" data-widget_type=\"text-editor.default\">\n\t\t\t\t<div class=\"elementor-widget-container\">\n\t\t\t\t\t\t\t\t\t<p>Seguridad alimentaria<\/p>\n\t\t\t\t\t\t\t\t<\/div>\n\t\t\t\t<\/div>\n\t\t\t\t<\/div>\n\t\t<div class=\"elementor-element elementor-element-256ae0d e-con-full e-flex e-con e-child\" data-id=\"256ae0d\" data-element_type=\"container\" data-e-type=\"container\">\n\t\t\t\t<div class=\"elementor-element elementor-element-0450de4 elementor-widget elementor-widget-text-editor\" data-id=\"0450de4\" data-element_type=\"widget\" data-e-type=\"widget\" data-widget_type=\"text-editor.default\">\n\t\t\t\t<div class=\"elementor-widget-container\">\n\t\t\t\t\t\t\t\t\t<p>Soberan\u00eda alimentaria<\/p>\n\t\t\t\t\t\t\t\t<\/div>\n\t\t\t\t<\/div>\n\t\t\t\t<\/div>\n\t\t\t\t<\/div>\n\t\t\t\t\t<\/div>\n\t\t<\/div>\n\t\t\t\t\t<\/div>\n\t\t<\/section>\n\t\t\t\t<section class=\"elementor-section elementor-top-section elementor-element elementor-element-234d7158 elementor-section-boxed elementor-section-height-default elementor-section-height-default\" data-id=\"234d7158\" data-element_type=\"section\" data-e-type=\"section\" data-settings=\"{&quot;background_background&quot;:&quot;classic&quot;}\">\n\t\t\t\t\t\t\t<div class=\"elementor-background-overlay\"><\/div>\n\t\t\t\t\t\t\t<div class=\"elementor-container elementor-column-gap-default\">\n\t\t\t\t\t<div class=\"elementor-column elementor-col-50 elementor-top-column elementor-element elementor-element-1725cffa\" data-id=\"1725cffa\" data-element_type=\"column\" data-e-type=\"column\">\n\t\t\t<div class=\"elementor-widget-wrap elementor-element-populated\">\n\t\t\t\t\t\t<div class=\"elementor-element elementor-element-7a306d5a elementor-widget__width-initial elementor-widget elementor-widget-image\" data-id=\"7a306d5a\" data-element_type=\"widget\" data-e-type=\"widget\" data-widget_type=\"image.default\">\n\t\t\t\t<div class=\"elementor-widget-container\">\n\t\t\t\t\t\t\t\t\t\t\t\t<figure class=\"wp-caption\">\n\t\t\t\t\t\t\t\t\t\t<img decoding=\"async\" width=\"300\" height=\"159\" src=\"https:\/\/meogroup-consulting.com\/wp-content\/uploads\/2024\/01\/We-Are-Meogroup_logo-rvb-300x159.png\" class=\"attachment-medium size-medium wp-image-7583\" alt=\"We are meogroup and proud of it\" srcset=\"https:\/\/meogroup-consulting.com\/wp-content\/uploads\/2024\/01\/We-Are-Meogroup_logo-rvb-300x159.png 300w, https:\/\/meogroup-consulting.com\/wp-content\/uploads\/2024\/01\/We-Are-Meogroup_logo-rvb.png 617w\" sizes=\"(max-width: 300px) 100vw, 300px\" \/>\t\t\t\t\t\t\t\t\t\t\t<figcaption class=\"widget-image-caption wp-caption-text\"><\/figcaption>\n\t\t\t\t\t\t\t\t\t\t<\/figure>\n\t\t\t\t\t\t\t\t\t<\/div>\n\t\t\t\t<\/div>\n\t\t\t\t\t<\/div>\n\t\t<\/div>\n\t\t\t\t<div class=\"elementor-column elementor-col-50 elementor-top-column elementor-element elementor-element-1e5aefaf\" data-id=\"1e5aefaf\" data-element_type=\"column\" data-e-type=\"column\">\n\t\t\t<div class=\"elementor-widget-wrap elementor-element-populated\">\n\t\t\t\t\t\t<div class=\"elementor-element elementor-element-7a01ceb2 elementor-align-right elementor-mobile-align-center elementor-widget elementor-widget-button\" data-id=\"7a01ceb2\" data-element_type=\"widget\" data-e-type=\"widget\" data-widget_type=\"button.default\">\n\t\t\t\t<div class=\"elementor-widget-container\">\n\t\t\t\t\t\t\t\t\t<div class=\"elementor-button-wrapper\">\n\t\t\t\t\t<a class=\"elementor-button elementor-button-link elementor-size-md\" href=\"https:\/\/www.sowing.eu\/\" target=\"_blank\">\n\t\t\t\t\t\t<span class=\"elementor-button-content-wrapper\">\n\t\t\t\t\t\t\t\t\t<span class=\"elementor-button-text\">Descubra el universo <br>SOWING<\/span>\n\t\t\t\t\t<\/span>\n\t\t\t\t\t<\/a>\n\t\t\t\t<\/div>\n\t\t\t\t\t\t\t\t<\/div>\n\t\t\t\t<\/div>\n\t\t\t\t\t<\/div>\n\t\t<\/div>\n\t\t\t\t\t<\/div>\n\t\t<\/section>\n\t\t\t\t<\/div>\n\t\t","protected":false},"excerpt":{"rendered":"<p>\u2190 NUESTRAS FIRMAS Sowing es una consultor\u00eda specializada en el Rendimiento, la optimizaci\u00f3n yla transformaci\u00f3n de las industrias agr\u00edcolas, agroindustriales y alimentarias. Descubra el universo SOWING NUESTROS SERVICIOS CRECEREstrategia de desarrollo TRANSFORMAROrganizaci\u00f3n y transformaci\u00f3n para el crecimiento REALIZARMejora del rendimiento CIFRAS CLAVE 50+ CLIENTES 10+ a\u00f1os DE TRANSFORMACI\u00d3N DE LA INDUSTRIA 15 CONSULTORES M\u00e1s de [&hellip;]<\/p>\n","protected":false},"author":1,"featured_media":6598,"parent":0,"menu_order":11,"comment_status":"closed","ping_status":"closed","template":"","meta":{"_seopress_robots_primary_cat":"","_seopress_titles_title":"SOWING - Meogroup","_seopress_titles_desc":"Sowing es una consultor\u00eda specializada en el Rendimiento, la optimizaci\u00f3n y la transformaci\u00f3n de las industrias agr\u00edcolas, agroindustriales y alimentarias.","_seopress_robots_index":"","footnotes":""},"class_list":["post-7604","page","type-page","status-publish","has-post-thumbnail","hentry"],"_links":{"self":[{"href":"https:\/\/meogroup-consulting.com\/es\/wp-json\/wp\/v2\/pages\/7604","targetHints":{"allow":["GET"]}}],"collection":[{"href":"https:\/\/meogroup-consulting.com\/es\/wp-json\/wp\/v2\/pages"}],"about":[{"href":"https:\/\/meogroup-consulting.com\/es\/wp-json\/wp\/v2\/types\/page"}],"author":[{"embeddable":true,"href":"https:\/\/meogroup-consulting.com\/es\/wp-json\/wp\/v2\/users\/1"}],"replies":[{"embeddable":true,"href":"https:\/\/meogroup-consulting.com\/es\/wp-json\/wp\/v2\/comments?post=7604"}],"version-history":[{"count":0,"href":"https:\/\/meogroup-consulting.com\/es\/wp-json\/wp\/v2\/pages\/7604\/revisions"}],"wp:featuredmedia":[{"embeddable":true,"href":"https:\/\/meogroup-consulting.com\/es\/wp-json\/wp\/v2\/media\/6598"}],"wp:attachment":[{"href":"https:\/\/meogroup-consulting.com\/es\/wp-json\/wp\/v2\/media?parent=7604"}],"curies":[{"name":"wp","href":"https:\/\/api.w.org\/{rel}","templated":true}]}}