{"id":7505,"date":"2025-03-19T18:13:49","date_gmt":"2025-03-19T17:13:49","guid":{"rendered":"https:\/\/meogroup-consulting.com\/axel\/"},"modified":"2025-09-19T16:19:42","modified_gmt":"2025-09-19T14:19:42","slug":"axel","status":"publish","type":"page","link":"https:\/\/meogroup-consulting.com\/es\/axel\/","title":{"rendered":"AXEL BY MEOGROUP"},"content":{"rendered":"\t\t<div data-elementor-type=\"wp-page\" data-elementor-id=\"7505\" class=\"elementor elementor-7505 elementor-5052\" data-elementor-post-type=\"page\">\n\t\t\t\t\t\t<section class=\"elementor-section elementor-top-section elementor-element elementor-element-39472328 elementor-section-boxed elementor-section-height-default elementor-section-height-default\" data-id=\"39472328\" data-element_type=\"section\" data-e-type=\"section\" data-settings=\"{&quot;background_background&quot;:&quot;gradient&quot;}\">\n\t\t\t\t\t\t<div class=\"elementor-container elementor-column-gap-default\">\n\t\t\t\t\t<div class=\"elementor-column elementor-col-100 elementor-top-column elementor-element elementor-element-60be6a24\" data-id=\"60be6a24\" data-element_type=\"column\" data-e-type=\"column\">\n\t\t\t<div class=\"elementor-widget-wrap elementor-element-populated\">\n\t\t\t\t\t\t<section class=\"elementor-section elementor-inner-section elementor-element elementor-element-f94c86b elementor-section-boxed elementor-section-height-default elementor-section-height-default\" data-id=\"f94c86b\" data-element_type=\"section\" data-e-type=\"section\">\n\t\t\t\t\t\t<div class=\"elementor-container elementor-column-gap-default\">\n\t\t\t\t\t<div class=\"elementor-column elementor-col-33 elementor-inner-column elementor-element elementor-element-2e5000fd\" data-id=\"2e5000fd\" data-element_type=\"column\" data-e-type=\"column\">\n\t\t\t<div class=\"elementor-widget-wrap elementor-element-populated\">\n\t\t\t\t\t\t<div class=\"elementor-element elementor-element-69cf7da elementor-widget elementor-widget-heading\" data-id=\"69cf7da\" data-element_type=\"widget\" data-e-type=\"widget\" data-widget_type=\"heading.default\">\n\t\t\t\t<div class=\"elementor-widget-container\">\n\t\t\t\t\t<p class=\"elementor-heading-title elementor-size-default\"><a href=\"https:\/\/meogroup-consulting.com\/marques-implantations\/\">\u2190 NUESTRAS FIRMAS<\/a><\/p>\t\t\t\t<\/div>\n\t\t\t\t<\/div>\n\t\t\t\t\t<\/div>\n\t\t<\/div>\n\t\t\t\t<div class=\"elementor-column elementor-col-33 elementor-inner-column elementor-element elementor-element-1d81795e\" data-id=\"1d81795e\" data-element_type=\"column\" data-e-type=\"column\">\n\t\t\t<div class=\"elementor-widget-wrap elementor-element-populated\">\n\t\t\t\t\t\t<div class=\"elementor-element elementor-element-6a37e43f elementor-widget elementor-widget-image\" data-id=\"6a37e43f\" data-element_type=\"widget\" data-e-type=\"widget\" data-widget_type=\"image.default\">\n\t\t\t\t<div class=\"elementor-widget-container\">\n\t\t\t\t\t\t\t\t\t\t\t\t\t\t\t<img fetchpriority=\"high\" decoding=\"async\" width=\"2560\" height=\"709\" src=\"https:\/\/meogroup-consulting.com\/wp-content\/uploads\/2025\/03\/AXEL-IC-White.png\" class=\"attachment-full size-full wp-image-7517\" alt=\"Logo Axel by MEOGROUP, filiale de MEOGROUP\" srcset=\"https:\/\/meogroup-consulting.com\/wp-content\/uploads\/2025\/03\/AXEL-IC-White.png 2560w, https:\/\/meogroup-consulting.com\/wp-content\/uploads\/2025\/03\/AXEL-IC-White-300x83.png 300w, https:\/\/meogroup-consulting.com\/wp-content\/uploads\/2025\/03\/AXEL-IC-White-1024x284.png 1024w, https:\/\/meogroup-consulting.com\/wp-content\/uploads\/2025\/03\/AXEL-IC-White-768x213.png 768w, https:\/\/meogroup-consulting.com\/wp-content\/uploads\/2025\/03\/AXEL-IC-White-1536x426.png 1536w, https:\/\/meogroup-consulting.com\/wp-content\/uploads\/2025\/03\/AXEL-IC-White-2048x567.png 2048w\" sizes=\"(max-width: 2560px) 100vw, 2560px\" \/>\t\t\t\t\t\t\t\t\t\t\t\t\t\t\t<\/div>\n\t\t\t\t<\/div>\n\t\t\t\t\t<\/div>\n\t\t<\/div>\n\t\t\t\t<div class=\"elementor-column elementor-col-33 elementor-inner-column elementor-element elementor-element-1155571c elementor-hidden-mobile\" data-id=\"1155571c\" data-element_type=\"column\" data-e-type=\"column\">\n\t\t\t<div class=\"elementor-widget-wrap\">\n\t\t\t\t\t\t\t<\/div>\n\t\t<\/div>\n\t\t\t\t\t<\/div>\n\t\t<\/section>\n\t\t\t\t<div class=\"elementor-element elementor-element-4a43fc98 elementor-widget elementor-widget-text-editor\" data-id=\"4a43fc98\" data-element_type=\"widget\" data-e-type=\"widget\" data-widget_type=\"text-editor.default\">\n\t\t\t\t<div class=\"elementor-widget-container\">\n\t\t\t\t\t\t\t\t\t<p>AXEL es la marca de innovaci\u00f3n de MEOGROUP. Reflejamos un posicionamiento \u00fanico que promueve la colaboraci\u00f3n entre la experiencia empresarial del Grupo, la visi\u00f3n emergente de las start-ups y la experiencia de las grandes cuentas<\/p>\n\t\t\t\t\t\t\t\t<\/div>\n\t\t\t\t<\/div>\n\t\t\t\t<div class=\"elementor-element elementor-element-8b5f665 elementor-align-center elementor-mobile-align-center elementor-widget elementor-widget-button\" data-id=\"8b5f665\" data-element_type=\"widget\" data-e-type=\"widget\" data-widget_type=\"button.default\">\n\t\t\t\t<div class=\"elementor-widget-container\">\n\t\t\t\t\t\t\t\t\t<div class=\"elementor-button-wrapper\">\n\t\t\t\t\t<a class=\"elementor-button elementor-button-link elementor-size-md\" href=\"https:\/\/axel.meogroup-consulting.com\/\" target=\"_blank\">\n\t\t\t\t\t\t<span class=\"elementor-button-content-wrapper\">\n\t\t\t\t\t\t\t\t\t<span class=\"elementor-button-text\">Descubra el mundo AXEL<\/span>\n\t\t\t\t\t<\/span>\n\t\t\t\t\t<\/a>\n\t\t\t\t<\/div>\n\t\t\t\t\t\t\t\t<\/div>\n\t\t\t\t<\/div>\n\t\t\t\t<div class=\"elementor-element elementor-element-38846fe3 elementor-widget elementor-widget-heading\" data-id=\"38846fe3\" data-element_type=\"widget\" data-e-type=\"widget\" data-widget_type=\"heading.default\">\n\t\t\t\t<div class=\"elementor-widget-container\">\n\t\t\t\t\t<h2 class=\"elementor-heading-title elementor-size-default\">NUESTRA OFERTA<\/h2>\t\t\t\t<\/div>\n\t\t\t\t<\/div>\n\t\t\t\t<div class=\"elementor-element elementor-element-38efafe9 elementor-widget-divider--view-line elementor-widget elementor-widget-divider\" data-id=\"38efafe9\" data-element_type=\"widget\" data-e-type=\"widget\" data-widget_type=\"divider.default\">\n\t\t\t\t<div class=\"elementor-widget-container\">\n\t\t\t\t\t\t\t<div class=\"elementor-divider\">\n\t\t\t<span class=\"elementor-divider-separator\">\n\t\t\t\t\t\t<\/span>\n\t\t<\/div>\n\t\t\t\t\t\t<\/div>\n\t\t\t\t<\/div>\n\t\t<div class=\"elementor-element elementor-element-aa3bec6 e-grid e-con-boxed e-con e-parent\" data-id=\"aa3bec6\" data-element_type=\"container\" data-e-type=\"container\">\n\t\t\t\t\t<div class=\"e-con-inner\">\n\t\t\t\t<div class=\"elementor-element elementor-element-d38f4a2 elementor-widget elementor-widget-text-editor\" data-id=\"d38f4a2\" data-element_type=\"widget\" data-e-type=\"widget\" data-widget_type=\"text-editor.default\">\n\t\t\t\t<div class=\"elementor-widget-container\">\n\t\t\t\t\t\t\t\t\t<p><strong>STARTUP FASTER<\/strong><\/p>\n<p>AXEL es un verdadero socio operativo, que responde a los problemas de desarrollo de las startups y facilita su transici\u00f3n a escala.<\/p>\n\t\t\t\t\t\t\t\t<\/div>\n\t\t\t\t<\/div>\n\t\t\t\t<div class=\"elementor-element elementor-element-53bad89 elementor-widget elementor-widget-text-editor\" data-id=\"53bad89\" data-element_type=\"widget\" data-e-type=\"widget\" data-widget_type=\"text-editor.default\">\n\t\t\t\t<div class=\"elementor-widget-container\">\n\t\t\t\t\t\t\t\t\t<p><strong>INNOVATION CONSULTING<\/strong><\/p>\n<p>AXEL apoya a las grandes cuentas en sus iniciativas de innovaci\u00f3n: desde el inicio de una cultura de innovaci\u00f3n hasta su despliegue, as\u00ed como la gesti\u00f3n de un ecosistema.<\/p>\n\t\t\t\t\t\t\t\t<\/div>\n\t\t\t\t<\/div>\n\t\t\t\t\t<\/div>\n\t\t\t\t<\/div>\n\t\t\t\t<div class=\"elementor-element elementor-element-706e6ce4 elementor-widget elementor-widget-heading\" data-id=\"706e6ce4\" data-element_type=\"widget\" data-e-type=\"widget\" data-widget_type=\"heading.default\">\n\t\t\t\t<div class=\"elementor-widget-container\">\n\t\t\t\t\t<h2 class=\"elementor-heading-title elementor-size-default\">CIFRAS CLAVE<\/h2>\t\t\t\t<\/div>\n\t\t\t\t<\/div>\n\t\t\t\t<div class=\"elementor-element elementor-element-446110ab elementor-widget-divider--view-line elementor-widget elementor-widget-divider\" data-id=\"446110ab\" data-element_type=\"widget\" data-e-type=\"widget\" data-widget_type=\"divider.default\">\n\t\t\t\t<div class=\"elementor-widget-container\">\n\t\t\t\t\t\t\t<div class=\"elementor-divider\">\n\t\t\t<span class=\"elementor-divider-separator\">\n\t\t\t\t\t\t<\/span>\n\t\t<\/div>\n\t\t\t\t\t\t<\/div>\n\t\t\t\t<\/div>\n\t\t\t\t<section class=\"elementor-section elementor-inner-section elementor-element elementor-element-57e28f5e elementor-section-boxed elementor-section-height-default elementor-section-height-default\" data-id=\"57e28f5e\" data-element_type=\"section\" data-e-type=\"section\">\n\t\t\t\t\t\t<div class=\"elementor-container elementor-column-gap-default\">\n\t\t\t\t\t<div class=\"elementor-column elementor-col-50 elementor-inner-column elementor-element elementor-element-604ca031\" data-id=\"604ca031\" data-element_type=\"column\" data-e-type=\"column\">\n\t\t\t<div class=\"elementor-widget-wrap elementor-element-populated\">\n\t\t\t\t\t\t<div class=\"elementor-element elementor-element-2731086 elementor-widget elementor-widget-text-editor\" data-id=\"2731086\" data-element_type=\"widget\" data-e-type=\"widget\" data-widget_type=\"text-editor.default\">\n\t\t\t\t<div class=\"elementor-widget-container\">\n\t\t\t\t\t\t\t\t\t<p style=\"text-align: center;\"><span style=\"color: #f7a824; font-size: 2em;\">8<br \/>\n<\/span>IMPACTO STARTUPS ACELERADAS<\/p>\n\t\t\t\t\t\t\t\t<\/div>\n\t\t\t\t<\/div>\n\t\t\t\t\t<\/div>\n\t\t<\/div>\n\t\t\t\t<div class=\"elementor-column elementor-col-50 elementor-inner-column elementor-element elementor-element-3cbc14f7\" data-id=\"3cbc14f7\" data-element_type=\"column\" data-e-type=\"column\">\n\t\t\t<div class=\"elementor-widget-wrap elementor-element-populated\">\n\t\t\t\t\t\t<div class=\"elementor-element elementor-element-5984050f elementor-widget elementor-widget-text-editor\" data-id=\"5984050f\" data-element_type=\"widget\" data-e-type=\"widget\" data-widget_type=\"text-editor.default\">\n\t\t\t\t<div class=\"elementor-widget-container\">\n\t\t\t\t\t\t\t\t\t<p style=\"text-align: center;\"><span style=\"color: #f7a824; font-size: 2em;\">+100<\/span><br \/>\nCONSULTORES MOVILIZADOS<\/p>\n\t\t\t\t\t\t\t\t<\/div>\n\t\t\t\t<\/div>\n\t\t\t\t\t<\/div>\n\t\t<\/div>\n\t\t\t\t\t<\/div>\n\t\t<\/section>\n\t\t\t\t<div class=\"elementor-element elementor-element-de738e7 elementor-widget elementor-widget-heading\" data-id=\"de738e7\" data-element_type=\"widget\" data-e-type=\"widget\" data-widget_type=\"heading.default\">\n\t\t\t\t<div class=\"elementor-widget-container\">\n\t\t\t\t\t<h2 class=\"elementor-heading-title elementor-size-default\">C\u00d3MO TRABAJAMOS<\/h2>\t\t\t\t<\/div>\n\t\t\t\t<\/div>\n\t\t\t\t<div class=\"elementor-element elementor-element-3159d5ab elementor-widget-divider--view-line elementor-widget elementor-widget-divider\" data-id=\"3159d5ab\" data-element_type=\"widget\" data-e-type=\"widget\" data-widget_type=\"divider.default\">\n\t\t\t\t<div class=\"elementor-widget-container\">\n\t\t\t\t\t\t\t<div class=\"elementor-divider\">\n\t\t\t<span class=\"elementor-divider-separator\">\n\t\t\t\t\t\t<\/span>\n\t\t<\/div>\n\t\t\t\t\t\t<\/div>\n\t\t\t\t<\/div>\n\t\t<div class=\"elementor-element elementor-element-fe39e33 e-con-full e-flex e-con e-parent\" data-id=\"fe39e33\" data-element_type=\"container\" data-e-type=\"container\">\n\t\t<div class=\"elementor-element elementor-element-03cf4af e-con-full e-flex e-con e-child\" data-id=\"03cf4af\" data-element_type=\"container\" data-e-type=\"container\">\n\t\t\t\t<div class=\"elementor-element elementor-element-c946046 elementor-widget elementor-widget-text-editor\" data-id=\"c946046\" data-element_type=\"widget\" data-e-type=\"widget\" data-widget_type=\"text-editor.default\">\n\t\t\t\t<div class=\"elementor-widget-container\">\n\t\t\t\t\t\t\t\t\t<p>Mentoring<br \/>coaching<\/p>\n\t\t\t\t\t\t\t\t<\/div>\n\t\t\t\t<\/div>\n\t\t\t\t<\/div>\n\t\t<div class=\"elementor-element elementor-element-f6c96a7 e-con-full e-flex e-con e-child\" data-id=\"f6c96a7\" data-element_type=\"container\" data-e-type=\"container\">\n\t\t\t\t<div class=\"elementor-element elementor-element-72a5349 elementor-widget elementor-widget-text-editor\" data-id=\"72a5349\" data-element_type=\"widget\" data-e-type=\"widget\" data-widget_type=\"text-editor.default\">\n\t\t\t\t<div class=\"elementor-widget-container\">\n\t\t\t\t\t\t\t\t\t<p>Recomendaciones estrat\u00e9gicas<\/p>\n\t\t\t\t\t\t\t\t<\/div>\n\t\t\t\t<\/div>\n\t\t\t\t<\/div>\n\t\t<div class=\"elementor-element elementor-element-d4260ca e-con-full e-flex e-con e-child\" data-id=\"d4260ca\" data-element_type=\"container\" data-e-type=\"container\">\n\t\t\t\t<div class=\"elementor-element elementor-element-8889ac5 elementor-widget elementor-widget-text-editor\" data-id=\"8889ac5\" data-element_type=\"widget\" data-e-type=\"widget\" data-widget_type=\"text-editor.default\">\n\t\t\t\t<div class=\"elementor-widget-container\">\n\t\t\t\t\t\t\t\t\t<p>Despliegue operativo<\/p>\n\t\t\t\t\t\t\t\t<\/div>\n\t\t\t\t<\/div>\n\t\t\t\t<\/div>\n\t\t\t\t<\/div>\n\t\t\t\t\t<\/div>\n\t\t<\/div>\n\t\t\t\t\t<\/div>\n\t\t<\/section>\n\t\t\t\t<section class=\"elementor-section elementor-top-section elementor-element elementor-element-234d7158 elementor-section-boxed elementor-section-height-default elementor-section-height-default\" data-id=\"234d7158\" data-element_type=\"section\" data-e-type=\"section\" data-settings=\"{&quot;background_background&quot;:&quot;classic&quot;}\">\n\t\t\t\t\t\t\t<div class=\"elementor-background-overlay\"><\/div>\n\t\t\t\t\t\t\t<div class=\"elementor-container elementor-column-gap-default\">\n\t\t\t\t\t<div class=\"elementor-column elementor-col-50 elementor-top-column elementor-element elementor-element-1725cffa\" data-id=\"1725cffa\" data-element_type=\"column\" data-e-type=\"column\">\n\t\t\t<div class=\"elementor-widget-wrap elementor-element-populated\">\n\t\t\t\t\t\t<div class=\"elementor-element elementor-element-7a306d5a elementor-widget__width-initial elementor-widget elementor-widget-image\" data-id=\"7a306d5a\" data-element_type=\"widget\" data-e-type=\"widget\" data-widget_type=\"image.default\">\n\t\t\t\t<div class=\"elementor-widget-container\">\n\t\t\t\t\t\t\t\t\t\t\t\t<figure class=\"wp-caption\">\n\t\t\t\t\t\t\t\t\t\t<img decoding=\"async\" width=\"300\" height=\"159\" src=\"https:\/\/meogroup-consulting.com\/wp-content\/uploads\/2024\/01\/We-Are-Meogroup_logo-rvb-300x159.png\" class=\"attachment-medium size-medium wp-image-7583\" alt=\"We are meogroup and proud of it\" srcset=\"https:\/\/meogroup-consulting.com\/wp-content\/uploads\/2024\/01\/We-Are-Meogroup_logo-rvb-300x159.png 300w, https:\/\/meogroup-consulting.com\/wp-content\/uploads\/2024\/01\/We-Are-Meogroup_logo-rvb.png 617w\" sizes=\"(max-width: 300px) 100vw, 300px\" \/>\t\t\t\t\t\t\t\t\t\t\t<figcaption class=\"widget-image-caption wp-caption-text\"><\/figcaption>\n\t\t\t\t\t\t\t\t\t\t<\/figure>\n\t\t\t\t\t\t\t\t\t<\/div>\n\t\t\t\t<\/div>\n\t\t\t\t\t<\/div>\n\t\t<\/div>\n\t\t\t\t<div class=\"elementor-column elementor-col-50 elementor-top-column elementor-element elementor-element-1e5aefaf\" data-id=\"1e5aefaf\" data-element_type=\"column\" data-e-type=\"column\">\n\t\t\t<div class=\"elementor-widget-wrap elementor-element-populated\">\n\t\t\t\t\t\t<div class=\"elementor-element elementor-element-7a01ceb2 elementor-align-right elementor-mobile-align-center elementor-widget elementor-widget-button\" data-id=\"7a01ceb2\" data-element_type=\"widget\" data-e-type=\"widget\" data-widget_type=\"button.default\">\n\t\t\t\t<div class=\"elementor-widget-container\">\n\t\t\t\t\t\t\t\t\t<div class=\"elementor-button-wrapper\">\n\t\t\t\t\t<a class=\"elementor-button elementor-button-link elementor-size-md\" href=\"https:\/\/axel.meogroup-consulting.com\/\" target=\"_blank\">\n\t\t\t\t\t\t<span class=\"elementor-button-content-wrapper\">\n\t\t\t\t\t\t\t\t\t<span class=\"elementor-button-text\">Descubra el mundo AXEL<\/span>\n\t\t\t\t\t<\/span>\n\t\t\t\t\t<\/a>\n\t\t\t\t<\/div>\n\t\t\t\t\t\t\t\t<\/div>\n\t\t\t\t<\/div>\n\t\t\t\t\t<\/div>\n\t\t<\/div>\n\t\t\t\t\t<\/div>\n\t\t<\/section>\n\t\t\t\t<\/div>\n\t\t","protected":false},"excerpt":{"rendered":"<p>\u2190 NUESTRAS FIRMAS AXEL es la marca de innovaci\u00f3n de MEOGROUP. Reflejamos un posicionamiento \u00fanico que promueve la colaboraci\u00f3n entre la experiencia empresarial del Grupo, la visi\u00f3n emergente de las start-ups y la experiencia de las grandes cuentas Descubra el mundo AXEL NUESTRA OFERTA STARTUP FASTER AXEL es un verdadero socio operativo, que responde a [&hellip;]<\/p>\n","protected":false},"author":8,"featured_media":6598,"parent":0,"menu_order":11,"comment_status":"closed","ping_status":"closed","template":"","meta":{"_seopress_robots_primary_cat":"","_seopress_titles_title":"AXEL - Meogroup","_seopress_titles_desc":"AXEL es la marca de innovaci\u00f3n de MEOGROUP. Reflejamos un posicionamiento \u00fanico que promueve la colaboraci\u00f3n entre la experiencia empresarial del Grupo, la visi\u00f3n emergente de las start-ups y la experiencia de las grandes cuentas.","_seopress_robots_index":"","footnotes":""},"class_list":["post-7505","page","type-page","status-publish","has-post-thumbnail","hentry"],"_links":{"self":[{"href":"https:\/\/meogroup-consulting.com\/es\/wp-json\/wp\/v2\/pages\/7505","targetHints":{"allow":["GET"]}}],"collection":[{"href":"https:\/\/meogroup-consulting.com\/es\/wp-json\/wp\/v2\/pages"}],"about":[{"href":"https:\/\/meogroup-consulting.com\/es\/wp-json\/wp\/v2\/types\/page"}],"author":[{"embeddable":true,"href":"https:\/\/meogroup-consulting.com\/es\/wp-json\/wp\/v2\/users\/8"}],"replies":[{"embeddable":true,"href":"https:\/\/meogroup-consulting.com\/es\/wp-json\/wp\/v2\/comments?post=7505"}],"version-history":[{"count":0,"href":"https:\/\/meogroup-consulting.com\/es\/wp-json\/wp\/v2\/pages\/7505\/revisions"}],"wp:featuredmedia":[{"embeddable":true,"href":"https:\/\/meogroup-consulting.com\/es\/wp-json\/wp\/v2\/media\/6598"}],"wp:attachment":[{"href":"https:\/\/meogroup-consulting.com\/es\/wp-json\/wp\/v2\/media?parent=7505"}],"curies":[{"name":"wp","href":"https:\/\/api.w.org\/{rel}","templated":true}]}}