{"id":6692,"date":"2023-07-31T17:02:03","date_gmt":"2023-07-31T15:02:03","guid":{"rendered":"https:\/\/meogroup-consulting.com\/notas-legales\/"},"modified":"2025-06-10T14:36:00","modified_gmt":"2025-06-10T12:36:00","slug":"notas-legales","status":"publish","type":"page","link":"https:\/\/meogroup-consulting.com\/es\/notas-legales\/","title":{"rendered":"Notas legales"},"content":{"rendered":"\t\t<div data-elementor-type=\"wp-page\" data-elementor-id=\"6692\" class=\"elementor elementor-6692 elementor-2605\" data-elementor-post-type=\"page\">\n\t\t\t\t<div class=\"elementor-element elementor-element-07dff7d e-flex e-con-boxed e-con e-parent\" data-id=\"07dff7d\" data-element_type=\"container\" data-e-type=\"container\" data-settings=\"{&quot;background_background&quot;:&quot;classic&quot;}\">\n\t\t\t\t\t<div class=\"e-con-inner\">\n\t\t<div class=\"elementor-element elementor-element-86e6222 e-con-full e-flex e-con e-child\" data-id=\"86e6222\" data-element_type=\"container\" data-e-type=\"container\">\n\t\t\t\t<div class=\"elementor-element elementor-element-c17a7c8 elementor-widget elementor-widget-heading\" data-id=\"c17a7c8\" data-element_type=\"widget\" data-e-type=\"widget\" data-widget_type=\"heading.default\">\n\t\t\t\t<div class=\"elementor-widget-container\">\n\t\t\t\t\t<h1 class=\"elementor-heading-title elementor-size-default\">Notas legales<\/h1>\t\t\t\t<\/div>\n\t\t\t\t<\/div>\n\t\t\t\t<\/div>\n\t\t\t\t\t<\/div>\n\t\t\t\t<\/div>\n\t\t<div class=\"elementor-element elementor-element-5d81e59 e-flex e-con-boxed e-con e-parent\" data-id=\"5d81e59\" data-element_type=\"container\" data-e-type=\"container\">\n\t\t\t\t\t<div class=\"e-con-inner\">\n\t\t\t\t<div class=\"elementor-element elementor-element-eab34b4 elementor-widget elementor-widget-text-editor\" data-id=\"eab34b4\" data-element_type=\"widget\" data-e-type=\"widget\" data-widget_type=\"text-editor.default\">\n\t\t\t\t<div class=\"elementor-widget-container\">\n\t\t\t\t\t\t\t\t\t<p>Este documento constituye las condiciones generales de uso del sitio accesible en la direcci\u00f3n \u00ab <a href=\"https:\/\/meogroup-consulting.com\/es\/\"><span style=\"color: #4084c5;\">https:\/\/meogroup-consulting.com\/<\/span><\/a> \u00bb (en lo sucesivo, el sitio).<\/p>\n<p>Nuestro sitio web ha sido creado y editado por <a href=\"https:\/\/gooplus.fr\/\"><span style=\"color: #4084c5;\">GooPlus<\/span><\/a>.<\/p>\n<p>Al acceder o utilizar nuestro sitio, se considera que el usuario acepta estos t\u00e9rminos y condiciones y nos reservamos el derecho de denegar el acceso a todo o parte del sitio a cualquier usuario que no los cumpla.<\/p>\n\t\t\t\t\t\t\t\t<\/div>\n\t\t\t\t<\/div>\n\t\t\t\t<div class=\"elementor-element elementor-element-bc6483f elementor-widget elementor-widget-heading\" data-id=\"bc6483f\" data-element_type=\"widget\" data-e-type=\"widget\" data-widget_type=\"heading.default\">\n\t\t\t\t<div class=\"elementor-widget-container\">\n\t\t\t\t\t<h2 class=\"elementor-heading-title elementor-size-default\">Presentaci\u00f3n de MEOGROUP<\/h2>\t\t\t\t<\/div>\n\t\t\t\t<\/div>\n\t\t\t\t<div class=\"elementor-element elementor-element-62ba0ce elementor-widget elementor-widget-text-editor\" data-id=\"62ba0ce\" data-element_type=\"widget\" data-e-type=\"widget\" data-widget_type=\"text-editor.default\">\n\t\t\t\t<div class=\"elementor-widget-container\">\n\t\t\t\t\t\t\t\t\t<p>Forma jur\u00eddica : Soci\u00e9t\u00e9 par Actions Simplifi\u00e9es<br \/>Capital social : 15 761 045 euros<br \/>RCS : 837 564 582 (Nanterre)<br \/>N\u00famero de IVA intracomunitario : FR35837564582<br \/>Oficina central : Immeuble ILEO \u2013 27\/33 Quai Alphonse LE GALLO \u2013 92100 Boulogne-Billancourt<br \/>Representante legal : Sr. Richard CARON (Presidente)<br \/>Correo electr\u00f3nico de contacto : <span style=\"color: #4084c5;\"><a style=\"color: #4084c5;\" href=\"mailto:hello@meogroup-consulting.com\">hello@meogroup-consulting.com<\/a><\/span><br \/>Direcci\u00f3n de contacto :<br \/>MEOGROUP \u2013 Service Communication &amp; Marketing<br \/>Immeuble ILEO \u2013 27\/33 Quai Alphonse LE GALLO \u2013 92100 Boulogne-Billancourt<\/p>\n\t\t\t\t\t\t\t\t<\/div>\n\t\t\t\t<\/div>\n\t\t\t\t<div class=\"elementor-element elementor-element-7a78ff7 elementor-widget elementor-widget-heading\" data-id=\"7a78ff7\" data-element_type=\"widget\" data-e-type=\"widget\" data-widget_type=\"heading.default\">\n\t\t\t\t<div class=\"elementor-widget-container\">\n\t\t\t\t\t<h2 class=\"elementor-heading-title elementor-size-default\">Jurisdicci\u00f3n<\/h2>\t\t\t\t<\/div>\n\t\t\t\t<\/div>\n\t\t\t\t<div class=\"elementor-element elementor-element-a1477e7 elementor-widget elementor-widget-text-editor\" data-id=\"a1477e7\" data-element_type=\"widget\" data-e-type=\"widget\" data-widget_type=\"text-editor.default\">\n\t\t\t\t<div class=\"elementor-widget-container\">\n\t\t\t\t\t\t\t\t\t<p>Nuestro sitio est\u00e1 sujeto a la legislaci\u00f3n francesa, a las jurisdicciones francesas y tiene el franc\u00e9s como lengua oficial. La relaci\u00f3n entre MEOGROUP y el Usuario tambi\u00e9n se rige por las leyes y reglamentos franceses vigentes.<\/p>\n\t\t\t\t\t\t\t\t<\/div>\n\t\t\t\t<\/div>\n\t\t\t\t<div class=\"elementor-element elementor-element-de96d4a elementor-widget elementor-widget-heading\" data-id=\"de96d4a\" data-element_type=\"widget\" data-e-type=\"widget\" data-widget_type=\"heading.default\">\n\t\t\t\t<div class=\"elementor-widget-container\">\n\t\t\t\t\t<h2 class=\"elementor-heading-title elementor-size-default\">Propiedad intelectual<\/h2>\t\t\t\t<\/div>\n\t\t\t\t<\/div>\n\t\t\t\t<div class=\"elementor-element elementor-element-5338b39 elementor-widget elementor-widget-text-editor\" data-id=\"5338b39\" data-element_type=\"widget\" data-e-type=\"widget\" data-widget_type=\"text-editor.default\">\n\t\t\t\t<div class=\"elementor-widget-container\">\n\t\t\t\t\t\t\t\t\t<p>Nuestro sitio y cada uno de sus componentes (marcas, gr\u00e1ficos, fotograf\u00edas, etc.) se rigen por la legislaci\u00f3n francesa, en particular la relativa a los derechos de autor, las bases de datos y la propiedad intelectual.<\/p>\n<p>Todas las dem\u00e1s marcas comerciales mencionadas son propiedad de sus respectivos due\u00f1os. Cualquier reproducci\u00f3n, representaci\u00f3n, publicaci\u00f3n, transmisi\u00f3n o, de forma m\u00e1s general, cualquier uso no autorizado de nuestra p\u00e1gina web y\/o de sus elementos compromete su responsabilidad y puede dar lugar a acciones judiciales, especialmente por falsificaci\u00f3n.<\/p>\n<p>Adem\u00e1s, el Usuario se compromete a no enviar o transmitir textos o im\u00e1genes contrarios a la ley o susceptibles de herir la sensibilidad, especialmente por un contenido odioso o pornogr\u00e1fico, o que inciten a comportamientos del mismo tipo. MEOGROUP se reserva el derecho de tomar cualquier medida o emprender cualquier acci\u00f3n que se considere necesaria en el caso de que su sitio sea utilizado para distribuir elementos de esta naturaleza.<\/p>\n\t\t\t\t\t\t\t\t<\/div>\n\t\t\t\t<\/div>\n\t\t\t\t<div class=\"elementor-element elementor-element-9f52737 elementor-widget elementor-widget-heading\" data-id=\"9f52737\" data-element_type=\"widget\" data-e-type=\"widget\" data-widget_type=\"heading.default\">\n\t\t\t\t<div class=\"elementor-widget-container\">\n\t\t\t\t\t<h2 class=\"elementor-heading-title elementor-size-default\">Responsabilidad<\/h2>\t\t\t\t<\/div>\n\t\t\t\t<\/div>\n\t\t\t\t<div class=\"elementor-element elementor-element-6e8a525 elementor-widget elementor-widget-text-editor\" data-id=\"6e8a525\" data-element_type=\"widget\" data-e-type=\"widget\" data-widget_type=\"text-editor.default\">\n\t\t\t\t<div class=\"elementor-widget-container\">\n\t\t\t\t\t\t\t\t\t<p>Nuestro sitio puede contener enlaces a otros sitios que no operamos. MEOGROUP no se hace responsable del contenido, la publicidad, los productos, los servicios o cualquier otro material disponible en estos sitios o fuentes externas que no han sido verificados ni aprobados por nuestros equipos.<\/p>\n<p>Nos comprometemos a hacer todo lo posible para proporcionar informaci\u00f3n actualizada y precisa. Sin embargo, no nos hacemos responsables de los errores, omisiones o resultados que puedan obtenerse por el mal uso de esta informaci\u00f3n. Nos reservamos el derecho de corregir dichos errores tan pronto como se nos comuniquen.<\/p>\n<p>La descarga de cualquier material durante el uso del servicio es bajo su propio riesgo. El usuario ser\u00e1 el \u00fanico responsable de cualquier da\u00f1o en su ordenador o de la p\u00e9rdida de datos resultante de dicha descarga. De forma m\u00e1s general, MEOGROUP no se hace responsable de los da\u00f1os directos y\/o indirectos derivados del uso de este sitio.<\/p>\n\t\t\t\t\t\t\t\t<\/div>\n\t\t\t\t<\/div>\n\t\t\t\t<div class=\"elementor-element elementor-element-0e01c44 elementor-widget elementor-widget-heading\" data-id=\"0e01c44\" data-element_type=\"widget\" data-e-type=\"widget\" data-widget_type=\"heading.default\">\n\t\t\t\t<div class=\"elementor-widget-container\">\n\t\t\t\t\t<h2 class=\"elementor-heading-title elementor-size-default\">Pol\u00edtica de gesti\u00f3n de cookies<\/h2>\t\t\t\t<\/div>\n\t\t\t\t<\/div>\n\t\t\t\t<div class=\"elementor-element elementor-element-f197d73 elementor-widget elementor-widget-text-editor\" data-id=\"f197d73\" data-element_type=\"widget\" data-e-type=\"widget\" data-widget_type=\"text-editor.default\">\n\t\t\t\t<div class=\"elementor-widget-container\">\n\t\t\t\t\t\t\t\t\t<p>Las cookies son peque\u00f1os archivos de texto que se colocan y almacenan en el ordenador o en el tel\u00e9fono inteligente desde el que un usuario visita un sitio. Estas cookies registran cierta informaci\u00f3n, siempre que el usuario las haya aceptado.<\/p>\n<p>MEOGROUP utiliza las cookies principalmente para :<\/p>\n<ul>\n<li>Para recopilar estad\u00edsticas y analizar el rendimiento de nuestro sitio,<\/li>\n<li>Para almacenar las preferencias y los ajustes del usuario.<\/li>\n<\/ul>\n<p>Para m\u00e1s informaci\u00f3n, visite nuestra secci\u00f3n de Pol\u00edtica de Cookies.<\/p>\n\t\t\t\t\t\t\t\t<\/div>\n\t\t\t\t<\/div>\n\t\t\t\t<div class=\"elementor-element elementor-element-1e3db7f elementor-widget elementor-widget-heading\" data-id=\"1e3db7f\" data-element_type=\"widget\" data-e-type=\"widget\" data-widget_type=\"heading.default\">\n\t\t\t\t<div class=\"elementor-widget-container\">\n\t\t\t\t\t<h2 class=\"elementor-heading-title elementor-size-default\">Pol\u00edtica de protecci\u00f3n de datos personales<\/h2>\t\t\t\t<\/div>\n\t\t\t\t<\/div>\n\t\t\t\t<div class=\"elementor-element elementor-element-d2ed90b elementor-widget elementor-widget-text-editor\" data-id=\"d2ed90b\" data-element_type=\"widget\" data-e-type=\"widget\" data-widget_type=\"text-editor.default\">\n\t\t\t\t<div class=\"elementor-widget-container\">\n\t\t\t\t\t\t\t\t\t<p>Los datos personales son informaci\u00f3n que identifica directa o indirectamente a una persona f\u00edsica (por ejemplo, nombre, n\u00famero de tel\u00e9fono, fotograf\u00eda, fecha de nacimiento, municipio de residencia, huella dactilar, etc.).<\/p>\n<p>Utilizamos sus datos personales principalmente para :<\/p>\n<ul>\n<li>Vuelva a ponerse en contacto con el usuario lo antes posible,<\/li>\n<li>Identificar las asignaciones compatibles con el perfil del usuario en el caso de una aplicaci\u00f3n.<\/li>\n<\/ul>\n<p>Para m\u00e1s informaci\u00f3n, visite nuestra secci\u00f3n de Pol\u00edtica de Privacidad.<\/p>\n\t\t\t\t\t\t\t\t<\/div>\n\t\t\t\t<\/div>\n\t\t\t\t<div class=\"elementor-element elementor-element-db5593f elementor-widget elementor-widget-heading\" data-id=\"db5593f\" data-element_type=\"widget\" data-e-type=\"widget\" data-widget_type=\"heading.default\">\n\t\t\t\t<div class=\"elementor-widget-container\">\n\t\t\t\t\t<h2 class=\"elementor-heading-title elementor-size-default\">Alojamiento y seguridad<\/h2>\t\t\t\t<\/div>\n\t\t\t\t<\/div>\n\t\t\t\t<div class=\"elementor-element elementor-element-7b83655 elementor-widget elementor-widget-text-editor\" data-id=\"7b83655\" data-element_type=\"widget\" data-e-type=\"widget\" data-widget_type=\"text-editor.default\">\n\t\t\t\t<div class=\"elementor-widget-container\">\n\t\t\t\t\t\t\t\t\t<p>Nuestro sitio est\u00e1 alojado en la empresa INFOMANIAK, en servidores seguros en Europa:<br \/>Forma jur\u00eddica: Empresa an\u00f3nima (SA)<br \/>N\u00famero de IVA: CHE-103.167.648<\/p>\n<p>Domicilio social: Rue Eug\u00e8ne-Marziano 25, 1227 Ginebra, Suiza<br \/>Hacemos todo lo posible para garantizar su protecci\u00f3n. Sin embargo, dado que Internet es un sistema abierto, Meogroup no puede garantizar la seguridad de la informaci\u00f3n que el Usuario nos transmita a trav\u00e9s de Internet y no se hace responsable de cualquier uso ileg\u00edtimo o fraudulento por parte de un tercero no autorizado.<\/p>\n\t\t\t\t\t\t\t\t<\/div>\n\t\t\t\t<\/div>\n\t\t\t\t<div class=\"elementor-element elementor-element-1c5f852 elementor-widget elementor-widget-heading\" data-id=\"1c5f852\" data-element_type=\"widget\" data-e-type=\"widget\" data-widget_type=\"heading.default\">\n\t\t\t\t<div class=\"elementor-widget-container\">\n\t\t\t\t\t<h2 class=\"elementor-heading-title elementor-size-default\">Disponibilidad<\/h2>\t\t\t\t<\/div>\n\t\t\t\t<\/div>\n\t\t\t\t<div class=\"elementor-element elementor-element-aa03f85 elementor-widget elementor-widget-text-editor\" data-id=\"aa03f85\" data-element_type=\"widget\" data-e-type=\"widget\" data-widget_type=\"text-editor.default\">\n\t\t\t\t<div class=\"elementor-widget-container\">\n\t\t\t\t\t\t\t\t\t<p>MEOGROUP podr\u00e1 en cualquier momento modificar o interrumpir temporal o permanentemente todo o parte del sitio web para realizar operaciones de mantenimiento y\/o mejoras\/modificaciones.<\/p>\n\t\t\t\t\t\t\t\t<\/div>\n\t\t\t\t<\/div>\n\t\t\t\t<div class=\"elementor-element elementor-element-2ca745f elementor-widget elementor-widget-heading\" data-id=\"2ca745f\" data-element_type=\"widget\" data-e-type=\"widget\" data-widget_type=\"heading.default\">\n\t\t\t\t<div class=\"elementor-widget-container\">\n\t\t\t\t\t<h2 class=\"elementor-heading-title elementor-size-default\">Modificaciones de este documento<\/h2>\t\t\t\t<\/div>\n\t\t\t\t<\/div>\n\t\t\t\t<div class=\"elementor-element elementor-element-a0f1881 elementor-widget elementor-widget-text-editor\" data-id=\"a0f1881\" data-element_type=\"widget\" data-e-type=\"widget\" data-widget_type=\"text-editor.default\">\n\t\t\t\t<div class=\"elementor-widget-container\">\n\t\t\t\t\t\t\t\t\t<p>MEOGROUP puede modificar el presente documento. En este caso, las modificaciones realizadas ser\u00e1n aplicables en cuanto se pongan en l\u00ednea.<\/p>\n\t\t\t\t\t\t\t\t<\/div>\n\t\t\t\t<\/div>\n\t\t\t\t\t<\/div>\n\t\t\t\t<\/div>\n\t\t\t\t<\/div>\n\t\t","protected":false},"excerpt":{"rendered":"<p>Notas legales Este documento constituye las condiciones generales de uso del sitio accesible en la direcci\u00f3n \u00ab https:\/\/meogroup-consulting.com\/ \u00bb (en lo sucesivo, el sitio). Nuestro sitio web ha sido creado y editado por GooPlus. Al acceder o utilizar nuestro sitio, se considera que el usuario acepta estos t\u00e9rminos y condiciones y nos reservamos el derecho [&hellip;]<\/p>\n","protected":false},"author":2,"featured_media":0,"parent":0,"menu_order":21,"comment_status":"closed","ping_status":"closed","template":"","meta":{"_seopress_robots_primary_cat":"","_seopress_titles_title":"","_seopress_titles_desc":"","_seopress_robots_index":"","footnotes":""},"class_list":["post-6692","page","type-page","status-publish","hentry"],"_links":{"self":[{"href":"https:\/\/meogroup-consulting.com\/es\/wp-json\/wp\/v2\/pages\/6692","targetHints":{"allow":["GET"]}}],"collection":[{"href":"https:\/\/meogroup-consulting.com\/es\/wp-json\/wp\/v2\/pages"}],"about":[{"href":"https:\/\/meogroup-consulting.com\/es\/wp-json\/wp\/v2\/types\/page"}],"author":[{"embeddable":true,"href":"https:\/\/meogroup-consulting.com\/es\/wp-json\/wp\/v2\/users\/2"}],"replies":[{"embeddable":true,"href":"https:\/\/meogroup-consulting.com\/es\/wp-json\/wp\/v2\/comments?post=6692"}],"version-history":[{"count":0,"href":"https:\/\/meogroup-consulting.com\/es\/wp-json\/wp\/v2\/pages\/6692\/revisions"}],"wp:attachment":[{"href":"https:\/\/meogroup-consulting.com\/es\/wp-json\/wp\/v2\/media?parent=6692"}],"curies":[{"name":"wp","href":"https:\/\/api.w.org\/{rel}","templated":true}]}}